{"id":449,"date":"2020-04-06T17:38:56","date_gmt":"2020-04-06T15:38:56","guid":{"rendered":"https:\/\/www.nampontgolfclub.com\/competitions-inscription\/"},"modified":"2020-04-14T16:25:32","modified_gmt":"2020-04-14T14:25:32","slug":"competitions-sign-up","status":"publish","type":"page","link":"https:\/\/www.nampontgolfclub.com\/en\/competitions-sign-up\/","title":{"rendered":"Sign-up for the Competitions"},"content":{"rendered":"\n<h2 class=\"has-text-align-center\">Sign up<\/h2>\n\n\n\n<p class=\"has-text-align-center\">L\u2019inscription sera valid\u00e9e lors de la confirmation.<br>\nPour toute inscription \u00e0 la comp\u00e9tition, la licence F.F.G. active <br>\net le certificat m\u00e9dical  \u00e0 jour sont demand\u00e9s.<\/p>\n\n\n\n\n<div class=\"wpcf7 no-js\" id=\"wpcf7-f686-o1\" lang=\"en-US\" dir=\"ltr\">\n<div class=\"screen-reader-response\"><p role=\"status\" aria-live=\"polite\" aria-atomic=\"true\"><\/p> <ul><\/ul><\/div>\n<form action=\"\/en\/wp-json\/wp\/v2\/pages\/449#wpcf7-f686-o1\" method=\"post\" class=\"wpcf7-form init\" aria-label=\"Contact form\" novalidate=\"novalidate\" data-status=\"init\">\n<div style=\"display: none;\">\n<input type=\"hidden\" name=\"_wpcf7\" value=\"686\" \/>\n<input type=\"hidden\" name=\"_wpcf7_version\" value=\"5.7.7\" \/>\n<input type=\"hidden\" name=\"_wpcf7_locale\" value=\"en_US\" \/>\n<input type=\"hidden\" name=\"_wpcf7_unit_tag\" value=\"wpcf7-f686-o1\" \/>\n<input type=\"hidden\" name=\"_wpcf7_container_post\" value=\"0\" \/>\n<input type=\"hidden\" name=\"_wpcf7_posted_data_hash\" value=\"\" \/>\n<input type=\"hidden\" name=\"_wpcf7_recaptcha_response\" value=\"\" \/>\n<\/div>\n<p><label> Date et nom de la comp\u00e9tition \u00e0 laquelle je souhaite participer<br \/>\n(<a href=\"\/competitions-2\/\" class=\"green\">voir dans le calendrier des comp\u00e9titions<\/a>)<br \/>\n<span class=\"wpcf7-form-control-wrap\" data-name=\"tournoi\"><input size=\"40\" class=\"wpcf7-form-control wpcf7-text wpcf7-validates-as-required\" aria-required=\"true\" aria-invalid=\"false\" value=\"\" type=\"text\" name=\"tournoi\" \/><\/span> <\/label>\n<\/p>\n<p><label> N\u00b0 de t\u00e9l\u00e9phone<br \/>\n<span class=\"wpcf7-form-control-wrap\" data-name=\"telephone\"><input size=\"40\" class=\"wpcf7-form-control wpcf7-text wpcf7-tel wpcf7-validates-as-required wpcf7-validates-as-tel\" aria-required=\"true\" aria-invalid=\"false\" value=\"\" type=\"tel\" name=\"telephone\" \/><\/span> <\/label>\n<\/p>\n<p><label> E-mail<br \/>\n<span class=\"wpcf7-form-control-wrap\" data-name=\"e_mail\"><input size=\"40\" class=\"wpcf7-form-control wpcf7-text wpcf7-email wpcf7-validates-as-required wpcf7-validates-as-email\" aria-required=\"true\" aria-invalid=\"false\" value=\"\" type=\"email\" name=\"e_mail\" \/><\/span> <\/label>\n<\/p>\n<h3>Je m\u2019inscris \u00e0 une comp\u00e9tition\n<\/h3>\n<p><label> Nom<br \/>\n<span class=\"wpcf7-form-control-wrap\" data-name=\"joueur1-nom\"><input size=\"40\" class=\"wpcf7-form-control wpcf7-text wpcf7-validates-as-required\" aria-required=\"true\" aria-invalid=\"false\" value=\"\" type=\"text\" name=\"joueur1-nom\" \/><\/span> <\/label>\n<\/p>\n<p><label> Pr\u00e9nom<br \/>\n<span class=\"wpcf7-form-control-wrap\" data-name=\"joueur1-prenom\"><input size=\"40\" class=\"wpcf7-form-control wpcf7-text wpcf7-validates-as-required\" aria-required=\"true\" aria-invalid=\"false\" value=\"\" type=\"text\" name=\"joueur1-prenom\" \/><\/span> <\/label>\n<\/p>\n<p><label> Date de naissance<br \/>\n<span class=\"wpcf7-form-control-wrap\" data-name=\"joueur1-date_de_naissance\"><input size=\"40\" class=\"wpcf7-form-control wpcf7-text wpcf7-validates-as-required\" aria-required=\"true\" aria-invalid=\"false\" placeholder=\"JJ-MM-AAAA\" value=\"\" type=\"text\" name=\"joueur1-date_de_naissance\" \/><\/span> <\/label>\n<\/p>\n<p><label> Club de licence<br \/>\n<span class=\"wpcf7-form-control-wrap\" data-name=\"joueur1-club_de_licence\"><input size=\"40\" class=\"wpcf7-form-control wpcf7-text wpcf7-validates-as-required\" aria-required=\"true\" aria-invalid=\"false\" value=\"\" type=\"text\" name=\"joueur1-club_de_licence\" \/><\/span> <\/label>\n<\/p>\n<p><label> N\u00b0 de licence<br \/>\n<span class=\"wpcf7-form-control-wrap\" data-name=\"joueur1-numero_de_licence\"><input size=\"40\" class=\"wpcf7-form-control wpcf7-text wpcf7-validates-as-required\" aria-required=\"true\" aria-invalid=\"false\" value=\"\" type=\"text\" name=\"joueur1-numero_de_licence\" \/><\/span> <\/label>\n<\/p>\n<p><label> Index<br \/>\n<span class=\"wpcf7-form-control-wrap\" data-name=\"joueur1-index\"><input size=\"40\" class=\"wpcf7-form-control wpcf7-text wpcf7-validates-as-required\" aria-required=\"true\" aria-invalid=\"false\" value=\"\" type=\"text\" name=\"joueur1-index\" \/><\/span> <\/label>\n<\/p>\n<h3>Si Formule Scramble, j\u2019inscris un partenaire ci-dessous :\n<\/h3>\n<p><label> Nom<br \/>\n<span class=\"wpcf7-form-control-wrap\" data-name=\"joueur2-nom\"><input size=\"40\" class=\"wpcf7-form-control wpcf7-text\" aria-invalid=\"false\" value=\"\" type=\"text\" name=\"joueur2-nom\" \/><\/span> <\/label>\n<\/p>\n<p><label> Pr\u00e9nom<br \/>\n<span class=\"wpcf7-form-control-wrap\" data-name=\"joueur2-prenom\"><input size=\"40\" class=\"wpcf7-form-control wpcf7-text\" aria-invalid=\"false\" value=\"\" type=\"text\" name=\"joueur2-prenom\" \/><\/span> <\/label>\n<\/p>\n<p><label> Date de naissance<br \/>\n<span class=\"wpcf7-form-control-wrap\" data-name=\"joueur2-date_de_naissance\"><input size=\"40\" class=\"wpcf7-form-control wpcf7-text\" aria-invalid=\"false\" placeholder=\"JJ-MM-AAAA\" value=\"\" type=\"text\" name=\"joueur2-date_de_naissance\" \/><\/span> <\/label>\n<\/p>\n<p><label> Club de licence<br \/>\n<span class=\"wpcf7-form-control-wrap\" data-name=\"joueur2-club_de_licence\"><input size=\"40\" class=\"wpcf7-form-control wpcf7-text\" aria-invalid=\"false\" value=\"\" type=\"text\" name=\"joueur2-club_de_licence\" \/><\/span> <\/label>\n<\/p>\n<p><label> N\u00b0 de licence<br \/>\n<span class=\"wpcf7-form-control-wrap\" data-name=\"joueur2-numero_de_licence\"><input size=\"40\" class=\"wpcf7-form-control wpcf7-text\" aria-invalid=\"false\" value=\"\" type=\"text\" name=\"joueur2-numero_de_licence\" \/><\/span> <\/label>\n<\/p>\n<p><label> Index<br \/>\n<span class=\"wpcf7-form-control-wrap\" data-name=\"joueur2-index\"><input size=\"40\" class=\"wpcf7-form-control wpcf7-text\" aria-invalid=\"false\" value=\"\" type=\"text\" name=\"joueur2-index\" \/><\/span> <\/label>\n<\/p>\n<h3>Remarques\n<\/h3>\n<p><label> Remarques<br \/>\n<span class=\"wpcf7-form-control-wrap\" data-name=\"remarques\"><textarea cols=\"40\" rows=\"10\" class=\"wpcf7-form-control wpcf7-textarea\" aria-invalid=\"false\" name=\"remarques\"><\/textarea><\/span><\/label>\n<\/p>\n<div class=\"fixSubmit\">\n\t<p><input class=\"wpcf7-form-control has-spinner wpcf7-submit\" type=\"submit\" value=\"Soumettre mon inscription\" \/>\n\t<\/p>\n<\/div><div class=\"wpcf7-response-output\" aria-hidden=\"true\"><\/div>\n<\/form>\n<\/div>\n\n","protected":false},"excerpt":{"rendered":"<p>Sign up L\u2019inscription sera valid\u00e9e lors de la confirmation. Pour toute inscription \u00e0 la comp\u00e9tition, la licence F.F.G. active et le certificat m\u00e9dical \u00e0 jour [&hellip;]<\/p>\n","protected":false},"author":1,"featured_media":0,"parent":0,"menu_order":0,"comment_status":"closed","ping_status":"closed","template":"","meta":[],"acf":[],"_links":{"self":[{"href":"https:\/\/www.nampontgolfclub.com\/en\/wp-json\/wp\/v2\/pages\/449"}],"collection":[{"href":"https:\/\/www.nampontgolfclub.com\/en\/wp-json\/wp\/v2\/pages"}],"about":[{"href":"https:\/\/www.nampontgolfclub.com\/en\/wp-json\/wp\/v2\/types\/page"}],"author":[{"embeddable":true,"href":"https:\/\/www.nampontgolfclub.com\/en\/wp-json\/wp\/v2\/users\/1"}],"replies":[{"embeddable":true,"href":"https:\/\/www.nampontgolfclub.com\/en\/wp-json\/wp\/v2\/comments?post=449"}],"version-history":[{"count":3,"href":"https:\/\/www.nampontgolfclub.com\/en\/wp-json\/wp\/v2\/pages\/449\/revisions"}],"predecessor-version":[{"id":687,"href":"https:\/\/www.nampontgolfclub.com\/en\/wp-json\/wp\/v2\/pages\/449\/revisions\/687"}],"wp:attachment":[{"href":"https:\/\/www.nampontgolfclub.com\/en\/wp-json\/wp\/v2\/media?parent=449"}],"curies":[{"name":"wp","href":"https:\/\/api.w.org\/{rel}","templated":true}]}}